{"id":302,"date":"2025-06-16T00:48:34","date_gmt":"2025-06-15T22:48:34","guid":{"rendered":"http:\/\/kyliandantan.com\/?page_id=302"},"modified":"2025-06-22T20:17:54","modified_gmt":"2025-06-22T18:17:54","slug":"wasup-2","status":"publish","type":"page","link":"https:\/\/kyliandantan.com\/index.php\/wasup-2\/","title":{"rendered":"Was&rsquo;up"},"content":{"rendered":"\t\t<div data-elementor-type=\"wp-page\" data-elementor-id=\"302\" class=\"elementor elementor-302\" data-elementor-settings=\"{&quot;ha_cmc_init_switcher&quot;:&quot;no&quot;}\">\n\t\t\t\t<div class=\"elementor-element elementor-element-709ef77 e-flex e-con-boxed wpr-particle-no wpr-jarallax-no wpr-parallax-no wpr-sticky-section-no e-con e-parent\" data-id=\"709ef77\" data-element_type=\"container\" data-settings=\"{&quot;_ha_eqh_enable&quot;:false}\">\n\t\t\t\t\t<div class=\"e-con-inner\">\n\t\t<div class=\"elementor-element elementor-element-5164c69 e-con-full e-flex wpr-particle-no wpr-jarallax-no wpr-parallax-no wpr-sticky-section-no e-con e-child\" data-id=\"5164c69\" data-element_type=\"container\" data-settings=\"{&quot;background_background&quot;:&quot;classic&quot;,&quot;_ha_eqh_enable&quot;:false}\">\n\t\t\t\t<div class=\"elementor-element elementor-element-5b9ec81 elementor-widget elementor-widget-heading\" data-id=\"5b9ec81\" data-element_type=\"widget\" data-widget_type=\"heading.default\">\n\t\t\t\t<div class=\"elementor-widget-container\">\n\t\t\t\t\t<h2 class=\"elementor-heading-title elementor-size-default\">Was'up<\/h2>\t\t\t\t<\/div>\n\t\t\t\t<\/div>\n\t\t\t\t<div class=\"elementor-element elementor-element-86dbc3c elementor-widget elementor-widget-heading\" data-id=\"86dbc3c\" data-element_type=\"widget\" data-widget_type=\"heading.default\">\n\t\t\t\t<div class=\"elementor-widget-container\">\n\t\t\t\t\t<h2 class=\"elementor-heading-title elementor-size-default\">UX\/UI<\/h2>\t\t\t\t<\/div>\n\t\t\t\t<\/div>\n\t\t<div class=\"elementor-element elementor-element-fd848e4 e-con-full e-flex wpr-particle-no wpr-jarallax-no wpr-parallax-no wpr-sticky-section-no e-con e-child\" data-id=\"fd848e4\" data-element_type=\"container\" data-settings=\"{&quot;background_background&quot;:&quot;classic&quot;,&quot;_ha_eqh_enable&quot;:false}\">\n\t\t<div class=\"elementor-element elementor-element-e501151 e-con-full e-flex wpr-particle-no wpr-jarallax-no wpr-parallax-no wpr-sticky-section-no e-con e-child\" data-id=\"e501151\" data-element_type=\"container\" data-settings=\"{&quot;_ha_eqh_enable&quot;:false}\">\n\t\t\t\t<div class=\"elementor-element elementor-element-5e1382f elementor-widget elementor-widget-heading\" data-id=\"5e1382f\" data-element_type=\"widget\" data-widget_type=\"heading.default\">\n\t\t\t\t<div class=\"elementor-widget-container\">\n\t\t\t\t\t<h2 class=\"elementor-heading-title elementor-size-default\">Pr\u00e9sentation du projet<\/h2>\t\t\t\t<\/div>\n\t\t\t\t<\/div>\n\t\t\t\t<div class=\"elementor-element elementor-element-3618e15 elementor-widget elementor-widget-text-editor\" data-id=\"3618e15\" data-element_type=\"widget\" data-widget_type=\"text-editor.default\">\n\t\t\t\t<div class=\"elementor-widget-container\">\n\t\t\t\t\t\t\t\t\t<p data-start=\"158\" data-end=\"506\"><strong>Parcoursup<\/strong>, un mot qui en effraie plus d\u2019un.<br data-start=\"215\" data-end=\"218\" \/>Pour aider les \u00e9tudiants \u00e0 mieux s\u2019orienter, nous avons con\u00e7u une application <strong>simple<\/strong> et <strong>claire<\/strong> qui centralise les infos sur les formations post-bac.<br data-start=\"366\" data-end=\"369\" \/>Gr\u00e2ce aux retours utilisateurs, la <strong>maquette a \u00e9volu\u00e9 au fil du temps<\/strong>. Je t\u2019invite \u00e0 d\u00e9couvrir le projet et ses derni\u00e8res am\u00e9liorations.<\/p>\t\t\t\t\t\t\t\t<\/div>\n\t\t\t\t<\/div>\n\t\t\t\t<\/div>\n\t\t<div class=\"elementor-element elementor-element-47826da e-con-full e-flex wpr-particle-no wpr-jarallax-no wpr-parallax-no wpr-sticky-section-no e-con e-child\" data-id=\"47826da\" data-element_type=\"container\" data-settings=\"{&quot;_ha_eqh_enable&quot;:false}\">\n\t\t\t\t<div class=\"elementor-element elementor-element-b6f74bd elementor-widget elementor-widget-image\" data-id=\"b6f74bd\" data-element_type=\"widget\" data-widget_type=\"image.default\">\n\t\t\t\t<div class=\"elementor-widget-container\">\n\t\t\t\t\t\t\t\t\t\t\t\t\t\t\t<img decoding=\"async\" width=\"1\" height=\"1\" src=\"https:\/\/kyliandantan.com\/wp-content\/uploads\/2025\/06\/wasup.png\" class=\"attachment-1536x1536 size-1536x1536 wp-image-123\" alt=\"\" \/>\t\t\t\t\t\t\t\t\t\t\t\t\t\t\t<\/div>\n\t\t\t\t<\/div>\n\t\t\t\t<\/div>\n\t\t\t\t<\/div>\n\t\t<div class=\"elementor-element elementor-element-977acb0 e-con-full e-flex wpr-particle-no wpr-jarallax-no wpr-parallax-no wpr-sticky-section-no e-con e-child\" data-id=\"977acb0\" data-element_type=\"container\" data-settings=\"{&quot;background_background&quot;:&quot;classic&quot;,&quot;_ha_eqh_enable&quot;:false}\">\n\t\t<div class=\"elementor-element elementor-element-e528c80 e-con-full e-flex wpr-particle-no wpr-jarallax-no wpr-parallax-no wpr-sticky-section-no e-con e-child\" data-id=\"e528c80\" data-element_type=\"container\" data-settings=\"{&quot;_ha_eqh_enable&quot;:false}\">\n\t\t\t\t<div class=\"elementor-element elementor-element-b38fc38 elementor-widget elementor-widget-heading\" data-id=\"b38fc38\" data-element_type=\"widget\" data-widget_type=\"heading.default\">\n\t\t\t\t<div class=\"elementor-widget-container\">\n\t\t\t\t\t<h2 class=\"elementor-heading-title elementor-size-default\">D\u00e9but de projet<\/h2>\t\t\t\t<\/div>\n\t\t\t\t<\/div>\n\t\t\t\t<div class=\"elementor-element elementor-element-377ee2c elementor-widget elementor-widget-text-editor\" data-id=\"377ee2c\" data-element_type=\"widget\" data-widget_type=\"text-editor.default\">\n\t\t\t\t<div class=\"elementor-widget-container\">\n\t\t\t\t\t\t\t\t\t<p data-start=\"128\" data-end=\"432\">Apr\u00e8s ce constat autour de <strong data-start=\"155\" data-end=\"169\">Parcoursup<\/strong>, nous avons recueilli les avis de plusieurs utilisateurs ainsi que de personnes <strong data-start=\"250\" data-end=\"301\">susceptibles d\u2019appartenir \u00e0 notre c\u0153ur de cible<\/strong>.<br data-start=\"302\" data-end=\"305\" \/>Une fois toutes ces informations regroup\u00e9es dans un document, je me suis lanc\u00e9 dans la r\u00e9alisation d\u2019une <strong data-start=\"410\" data-end=\"431\" data-is-only-node=\"\">premi\u00e8re maquette<\/strong>.<\/p>\t\t\t\t\t\t\t\t<\/div>\n\t\t\t\t<\/div>\n\t\t\t\t<\/div>\n\t\t<div class=\"elementor-element elementor-element-4b2a899 e-con-full e-flex wpr-particle-no wpr-jarallax-no wpr-parallax-no wpr-sticky-section-no e-con e-child\" data-id=\"4b2a899\" data-element_type=\"container\" data-settings=\"{&quot;_ha_eqh_enable&quot;:false}\">\n\t\t\t\t<div class=\"elementor-element elementor-element-0d0e3a1 elementor-widget elementor-widget-image\" data-id=\"0d0e3a1\" data-element_type=\"widget\" data-widget_type=\"image.default\">\n\t\t\t\t<div class=\"elementor-widget-container\">\n\t\t\t\t\t\t\t\t\t\t\t\t\t\t\t<img fetchpriority=\"high\" decoding=\"async\" width=\"873\" height=\"505\" src=\"https:\/\/kyliandantan.com\/wp-content\/uploads\/2025\/06\/logo-3.png\" class=\"attachment-1536x1536 size-1536x1536 wp-image-307\" alt=\"\" srcset=\"https:\/\/kyliandantan.com\/wp-content\/uploads\/2025\/06\/logo-3.png 873w, https:\/\/kyliandantan.com\/wp-content\/uploads\/2025\/06\/logo-3-300x174.png 300w, https:\/\/kyliandantan.com\/wp-content\/uploads\/2025\/06\/logo-3-768x444.png 768w\" sizes=\"(max-width: 873px) 100vw, 873px\" \/>\t\t\t\t\t\t\t\t\t\t\t\t\t\t\t<\/div>\n\t\t\t\t<\/div>\n\t\t\t\t<\/div>\n\t\t\t\t<\/div>\n\t\t<div class=\"elementor-element elementor-element-edb773a e-con-full e-flex wpr-particle-no wpr-jarallax-no wpr-parallax-no wpr-sticky-section-no e-con e-child\" data-id=\"edb773a\" data-element_type=\"container\" data-settings=\"{&quot;_ha_eqh_enable&quot;:false}\">\n\t\t\t\t<div class=\"elementor-element elementor-element-8789d25 elementor-align-center elementor-widget elementor-widget-button\" data-id=\"8789d25\" data-element_type=\"widget\" data-widget_type=\"button.default\">\n\t\t\t\t<div class=\"elementor-widget-container\">\n\t\t\t\t\t\t\t\t\t<div class=\"elementor-button-wrapper\">\n\t\t\t\t\t<a class=\"elementor-button elementor-button-link elementor-size-sm\" href=\"https:\/\/kyliandantan.com\/wp-content\/uploads\/2025\/06\/Prise-dinformation.pdf\" target=\"_blank\">\n\t\t\t\t\t\t<span class=\"elementor-button-content-wrapper\">\n\t\t\t\t\t\t\t\t\t<span class=\"elementor-button-text\">D\u00e9couvrir notre \u00e9tude<\/span>\n\t\t\t\t\t<\/span>\n\t\t\t\t\t<\/a>\n\t\t\t\t<\/div>\n\t\t\t\t\t\t\t\t<\/div>\n\t\t\t\t<\/div>\n\t\t\t\t<div class=\"elementor-element elementor-element-7a49413 elementor-align-center elementor-widget elementor-widget-button\" data-id=\"7a49413\" data-element_type=\"widget\" data-widget_type=\"button.default\">\n\t\t\t\t<div class=\"elementor-widget-container\">\n\t\t\t\t\t\t\t\t\t<div class=\"elementor-button-wrapper\">\n\t\t\t\t\t<a class=\"elementor-button elementor-button-link elementor-size-sm\" href=\"https:\/\/www.figma.com\/proto\/OLzzDEoBdp9aYgyvJri00c\/Was-up?page-id=0%3A1&#038;node-id=1-464&#038;viewport=698%2C688%2C0.18&#038;t=ZpArHKnpYDnnhwCQ-1&#038;scaling=scale-down&#038;content-scaling=fixed&#038;starting-point-node-id=1%3A464\" target=\"_blank\">\n\t\t\t\t\t\t<span class=\"elementor-button-content-wrapper\">\n\t\t\t\t\t\t\t\t\t<span class=\"elementor-button-text\">D\u00e9couvrir la premi\u00e8re maquette<\/span>\n\t\t\t\t\t<\/span>\n\t\t\t\t\t<\/a>\n\t\t\t\t<\/div>\n\t\t\t\t\t\t\t\t<\/div>\n\t\t\t\t<\/div>\n\t\t\t\t<\/div>\n\t\t<div class=\"elementor-element elementor-element-fa4057f e-con-full e-flex wpr-particle-no wpr-jarallax-no wpr-parallax-no wpr-sticky-section-no e-con e-child\" data-id=\"fa4057f\" data-element_type=\"container\" data-settings=\"{&quot;background_background&quot;:&quot;classic&quot;,&quot;_ha_eqh_enable&quot;:false}\">\n\t\t<div class=\"elementor-element elementor-element-9d7d8e3 e-con-full e-flex wpr-particle-no wpr-jarallax-no wpr-parallax-no wpr-sticky-section-no e-con e-child\" data-id=\"9d7d8e3\" data-element_type=\"container\" data-settings=\"{&quot;_ha_eqh_enable&quot;:false}\">\n\t\t\t\t<div class=\"elementor-element elementor-element-5c20b67 elementor-widget elementor-widget-heading\" data-id=\"5c20b67\" data-element_type=\"widget\" data-widget_type=\"heading.default\">\n\t\t\t\t<div class=\"elementor-widget-container\">\n\t\t\t\t\t<h2 class=\"elementor-heading-title elementor-size-default\">Seconde \u00e9tape<\/h2>\t\t\t\t<\/div>\n\t\t\t\t<\/div>\n\t\t\t\t<div class=\"elementor-element elementor-element-e5826a4 elementor-widget elementor-widget-text-editor\" data-id=\"e5826a4\" data-element_type=\"widget\" data-widget_type=\"text-editor.default\">\n\t\t\t\t<div class=\"elementor-widget-container\">\n\t\t\t\t\t\t\t\t\t<p data-start=\"128\" data-end=\"432\">Apr\u00e8s avoir fait tester ma maquette \u00e0 une <strong data-start=\"163\" data-end=\"202\">vingtaine d\u2019utilisateurs potentiels<\/strong>, j\u2019ai <strong data-start=\"209\" data-end=\"236\">recueilli leurs retours<\/strong> pour l\u2019am\u00e9liorer.<br data-start=\"254\" data-end=\"257\" \/>Certes, cette version n\u2019est pas encore <strong data-start=\"296\" data-end=\"308\" data-is-only-node=\"\">parfaite<\/strong>, et il faudrait <strong data-start=\"325\" data-end=\"349\">r\u00e9p\u00e9ter ce processus<\/strong> plusieurs fois pour aboutir \u00e0 un <strong data-start=\"383\" data-end=\"400\">produit final<\/strong>.<br data-start=\"401\" data-end=\"404\" \/>Mais on observe d\u00e9j\u00e0 une <strong data-start=\"429\" data-end=\"451\">nette am\u00e9lioration<\/strong> dans l\u2019<strong data-start=\"459\" data-end=\"485\">exp\u00e9rience utilisateur<\/strong> \ud83d\ude0a<\/p>\t\t\t\t\t\t\t\t<\/div>\n\t\t\t\t<\/div>\n\t\t\t\t<\/div>\n\t\t<div class=\"elementor-element elementor-element-d9d496c e-con-full e-flex wpr-particle-no wpr-jarallax-no wpr-parallax-no wpr-sticky-section-no e-con e-child\" data-id=\"d9d496c\" data-element_type=\"container\" data-settings=\"{&quot;_ha_eqh_enable&quot;:false}\">\n\t\t\t\t<div class=\"elementor-element elementor-element-c5ecf1f elementor-widget elementor-widget-image\" data-id=\"c5ecf1f\" data-element_type=\"widget\" data-widget_type=\"image.default\">\n\t\t\t\t<div class=\"elementor-widget-container\">\n\t\t\t\t\t\t\t\t\t\t\t\t\t\t\t<img decoding=\"async\" width=\"873\" height=\"505\" src=\"https:\/\/kyliandantan.com\/wp-content\/uploads\/2025\/06\/logo2.png\" class=\"attachment-1536x1536 size-1536x1536 wp-image-309\" alt=\"\" srcset=\"https:\/\/kyliandantan.com\/wp-content\/uploads\/2025\/06\/logo2.png 873w, https:\/\/kyliandantan.com\/wp-content\/uploads\/2025\/06\/logo2-300x174.png 300w, https:\/\/kyliandantan.com\/wp-content\/uploads\/2025\/06\/logo2-768x444.png 768w\" sizes=\"(max-width: 873px) 100vw, 873px\" \/>\t\t\t\t\t\t\t\t\t\t\t\t\t\t\t<\/div>\n\t\t\t\t<\/div>\n\t\t\t\t<\/div>\n\t\t\t\t<\/div>\n\t\t\t\t<div class=\"elementor-element elementor-element-721e878 elementor-align-center elementor-widget elementor-widget-button\" data-id=\"721e878\" data-element_type=\"widget\" data-widget_type=\"button.default\">\n\t\t\t\t<div class=\"elementor-widget-container\">\n\t\t\t\t\t\t\t\t\t<div class=\"elementor-button-wrapper\">\n\t\t\t\t\t<a class=\"elementor-button elementor-button-link elementor-size-sm\" href=\"https:\/\/www.figma.com\/proto\/fx6MmqyEB1Wl53T6ziSFV1\/Untitled?page-id=0%3A1&#038;node-id=461-852&#038;viewport=1632%2C17%2C0.15&#038;t=i0FNKP9heCdZRFUa-1&#038;scaling=scale-down&#038;content-scaling=fixed&#038;starting-point-node-id=461%3A852\" target=\"_blank\">\n\t\t\t\t\t\t<span class=\"elementor-button-content-wrapper\">\n\t\t\t\t\t\t\t\t\t<span class=\"elementor-button-text\">D\u00e9couvrir la seconde maquette<\/span>\n\t\t\t\t\t<\/span>\n\t\t\t\t\t<\/a>\n\t\t\t\t<\/div>\n\t\t\t\t\t\t\t\t<\/div>\n\t\t\t\t<\/div>\n\t\t\t\t<\/div>\n\t\t<div class=\"elementor-element elementor-element-0fdc096 e-con-full e-flex wpr-particle-no wpr-jarallax-no wpr-parallax-no wpr-sticky-section-no e-con e-child\" data-id=\"0fdc096\" data-element_type=\"container\" data-settings=\"{&quot;_ha_eqh_enable&quot;:false}\">\n\t\t\t\t<div class=\"elementor-element elementor-element-fdfe964 elementor-widget elementor-widget-menu-anchor\" data-id=\"fdfe964\" data-element_type=\"widget\" data-widget_type=\"menu-anchor.default\">\n\t\t\t\t<div class=\"elementor-widget-container\">\n\t\t\t\t\t\t\t<div class=\"elementor-menu-anchor\" id=\"Contact\"><\/div>\n\t\t\t\t\t\t<\/div>\n\t\t\t\t<\/div>\n\t\t\t\t<div class=\"elementor-element elementor-element-130dabc elementor-widget elementor-widget-heading\" data-id=\"130dabc\" data-element_type=\"widget\" data-widget_type=\"heading.default\">\n\t\t\t\t<div class=\"elementor-widget-container\">\n\t\t\t\t\t<h2 class=\"elementor-heading-title elementor-size-default\">Contact<\/h2>\t\t\t\t<\/div>\n\t\t\t\t<\/div>\n\t\t\t\t<div class=\"elementor-element elementor-element-1de237e eael-wpforms-labels-yes eael-wpforms-form-button-custom elementor-widget elementor-widget-eael-wpforms\" data-id=\"1de237e\" data-element_type=\"widget\" data-widget_type=\"eael-wpforms.default\">\n\t\t\t\t<div class=\"elementor-widget-container\">\n\t\t\t\t\t            <div class=\"eael-contact-form eael-wpforms eael-wpforms-align-center\">\n                                <div class=\"wpforms-container wpforms-container-full wpforms-render-modern\" id=\"wpforms-143\"><form id=\"wpforms-form-143\" class=\"wpforms-validate wpforms-form wpforms-ajax-form\" data-formid=\"143\" method=\"post\" enctype=\"multipart\/form-data\" action=\"\/index.php\/wp-json\/wp\/v2\/pages\/302\" data-token=\"8dcd46cab317771ef681009a56daa18c\" data-token-time=\"1776420382\"><div class=\"wpforms-head-container\"><div class=\"wpforms-title\">Me contacter \ud83d\ude42<\/div><div class=\"wpforms-description\">Enfin pr\u00eat \u00e0 me contacter ?\r\nN\u2019h\u00e9site pas \u00e0 me donner un maximum de d\u00e9tails sur ton projet : plus j\u2019en sais, plus je pourrai te r\u00e9pondre rapidement et pr\u00e9cis\u00e9ment.<\/div><\/div><noscript class=\"wpforms-error-noscript\">Veuillez activer JavaScript dans votre navigateur pour remplir ce formulaire.<\/noscript><div class=\"wpforms-hidden\" id=\"wpforms-error-noscript\">Veuillez activer JavaScript dans votre navigateur pour remplir ce formulaire.<\/div><div class=\"wpforms-field-container\"><div id=\"wpforms-143-field_1-container\" class=\"wpforms-field wpforms-field-name\" data-field-id=\"1\"><fieldset><legend class=\"wpforms-field-label\">Nom <span class=\"wpforms-required-label\" aria-hidden=\"true\">*<\/span><\/legend><div class=\"wpforms-field-row wpforms-field-medium\"><div class=\"wpforms-field-row-block wpforms-first wpforms-one-half\"><input type=\"text\" id=\"wpforms-143-field_1\" class=\"wpforms-field-name-first wpforms-field-required\" name=\"wpforms[fields][1][first]\" aria-errormessage=\"wpforms-143-field_1-error\" required><label for=\"wpforms-143-field_1\" class=\"wpforms-field-sublabel after\">Pr\u00e9nom<\/label><\/div><div class=\"wpforms-field-row-block wpforms-one-half\"><input type=\"text\" id=\"wpforms-143-field_1-last\" class=\"wpforms-field-name-last wpforms-field-required\" name=\"wpforms[fields][1][last]\" aria-errormessage=\"wpforms-143-field_1-last-error\" required><label for=\"wpforms-143-field_1-last\" class=\"wpforms-field-sublabel after\">Nom<\/label><\/div><\/div><\/fieldset><\/div><div id=\"wpforms-143-field_2-container\" class=\"wpforms-field wpforms-field-email\" data-field-id=\"2\"><label class=\"wpforms-field-label\" for=\"wpforms-143-field_2\">E-mail <span class=\"wpforms-required-label\" aria-hidden=\"true\">*<\/span><\/label><input type=\"email\" id=\"wpforms-143-field_2\" class=\"wpforms-field-medium wpforms-field-required\" name=\"wpforms[fields][2]\" spellcheck=\"false\" aria-errormessage=\"wpforms-143-field_2-error\" required><\/div><div id=\"wpforms-143-field_3-container\" class=\"wpforms-field wpforms-field-textarea\" data-field-id=\"3\"><label class=\"wpforms-field-label\" for=\"wpforms-143-field_3\">Commentaire ou message <span class=\"wpforms-required-label\" aria-hidden=\"true\">*<\/span><\/label><textarea id=\"wpforms-143-field_3\" class=\"wpforms-field-medium wpforms-field-required\" name=\"wpforms[fields][3]\" aria-errormessage=\"wpforms-143-field_3-error\" required><\/textarea><\/div><\/div><!-- .wpforms-field-container --><div class=\"wpforms-submit-container\" ><input type=\"hidden\" name=\"wpforms[id]\" value=\"143\"><input type=\"hidden\" name=\"page_title\" value=\"\"><input type=\"hidden\" name=\"page_url\" value=\"https:\/\/kyliandantan.com\/index.php\/wp-json\/wp\/v2\/pages\/302\"><input type=\"hidden\" name=\"url_referer\" value=\"\"><button type=\"submit\" name=\"wpforms[submit]\" id=\"wpforms-submit-143\" class=\"wpforms-submit\" data-alt-text=\"C&#039;est parti...\" data-submit-text=\"\u00c7a part\" aria-live=\"assertive\" value=\"wpforms-submit\">\u00c7a part<\/button><img loading=\"lazy\" decoding=\"async\" src=\"https:\/\/kyliandantan.com\/wp-content\/plugins\/wpforms-lite\/assets\/images\/submit-spin.svg\" class=\"wpforms-submit-spinner\" style=\"display: none;\" width=\"26\" height=\"26\" alt=\"Chargement en cours\"><\/div><\/form><\/div>  <!-- .wpforms-container -->            <\/div>\n\t\t\t\t<\/div>\n\t\t\t\t<\/div>\n\t\t\t\t<\/div>\n\t\t\t\t\t<\/div>\n\t\t\t\t<\/div>\n\t\t\t\t<\/div>\n\t\t","protected":false},"excerpt":{"rendered":"<p>Was&rsquo;up UX\/UI Pr\u00e9sentation du projet Parcoursup, un mot qui en effraie plus d\u2019un.Pour aider les \u00e9tudiants \u00e0 mieux s\u2019orienter, nous avons con\u00e7u une application simple et claire qui centralise les infos sur les formations post-bac.Gr\u00e2ce aux retours utilisateurs, la maquette a \u00e9volu\u00e9 au fil du temps. Je t\u2019invite \u00e0 d\u00e9couvrir le projet et ses derni\u00e8res am\u00e9liorations. D\u00e9but de projet Apr\u00e8s ce constat autour de Parcoursup, nous avons recueilli les avis de plusieurs utilisateurs ainsi que de personnes susceptibles d\u2019appartenir \u00e0 notre c\u0153ur de cible.Une fois toutes ces informations regroup\u00e9es dans un document, je me suis lanc\u00e9 dans la r\u00e9alisation d\u2019une premi\u00e8re maquette. D\u00e9couvrir notre \u00e9tude D\u00e9couvrir la premi\u00e8re maquette Seconde \u00e9tape Apr\u00e8s avoir fait tester ma maquette \u00e0 une vingtaine d\u2019utilisateurs potentiels, j\u2019ai recueilli leurs retours pour l\u2019am\u00e9liorer.Certes, cette version n\u2019est pas encore parfaite, et il faudrait r\u00e9p\u00e9ter ce processus plusieurs fois pour aboutir \u00e0 un produit final.Mais on observe d\u00e9j\u00e0 une nette am\u00e9lioration dans l\u2019exp\u00e9rience utilisateur \ud83d\ude0a D\u00e9couvrir la seconde maquette Contact Me contacter :)Enfin pr\u00eat \u00e0 me contacter ? N\u2019h\u00e9site pas \u00e0 me donner un maximum de d\u00e9tails sur ton projet : plus j\u2019en sais, plus je pourrai te r\u00e9pondre rapidement et pr\u00e9cis\u00e9ment.Veuillez activer JavaScript dans votre navigateur pour remplir ce formulaire.Veuillez activer JavaScript dans votre navigateur pour remplir ce formulaire. Nom * Pr\u00e9nomNom E-mail *Commentaire ou message * \u00c7a part<\/p>\n","protected":false},"author":1,"featured_media":0,"parent":0,"menu_order":0,"comment_status":"closed","ping_status":"closed","template":"","meta":{"site-sidebar-layout":"no-sidebar","site-content-layout":"","ast-site-content-layout":"full-width-container","site-content-style":"default","site-sidebar-style":"default","ast-global-header-display":"","ast-banner-title-visibility":"","ast-main-header-display":"","ast-hfb-above-header-display":"","ast-hfb-below-header-display":"","ast-hfb-mobile-header-display":"","site-post-title":"disabled","ast-breadcrumbs-content":"","ast-featured-img":"disabled","footer-sml-layout":"","theme-transparent-header-meta":"","adv-header-id-meta":"","stick-header-meta":"","header-above-stick-meta":"","header-main-stick-meta":"","header-below-stick-meta":"","astra-migrate-meta-layouts":"default","ast-page-background-enabled":"default","ast-page-background-meta":{"desktop":{"background-color":"var(--ast-global-color-5)","background-image":"","background-repeat":"repeat","background-position":"center center","background-size":"auto","background-attachment":"scroll","background-type":"","background-media":"","overlay-type":"","overlay-color":"","overlay-opacity":"","overlay-gradient":""},"tablet":{"background-color":"","background-image":"","background-repeat":"repeat","background-position":"center center","background-size":"auto","background-attachment":"scroll","background-type":"","background-media":"","overlay-type":"","overlay-color":"","overlay-opacity":"","overlay-gradient":""},"mobile":{"background-color":"","background-image":"","background-repeat":"repeat","background-position":"center center","background-size":"auto","background-attachment":"scroll","background-type":"","background-media":"","overlay-type":"","overlay-color":"","overlay-opacity":"","overlay-gradient":""}},"ast-content-background-meta":{"desktop":{"background-color":"var(--ast-global-color-4)","background-image":"","background-repeat":"repeat","background-position":"center center","background-size":"auto","background-attachment":"scroll","background-type":"","background-media":"","overlay-type":"","overlay-color":"","overlay-opacity":"","overlay-gradient":""},"tablet":{"background-color":"var(--ast-global-color-4)","background-image":"","background-repeat":"repeat","background-position":"center center","background-size":"auto","background-attachment":"scroll","background-type":"","background-media":"","overlay-type":"","overlay-color":"","overlay-opacity":"","overlay-gradient":""},"mobile":{"background-color":"var(--ast-global-color-4)","background-image":"","background-repeat":"repeat","background-position":"center center","background-size":"auto","background-attachment":"scroll","background-type":"","background-media":"","overlay-type":"","overlay-color":"","overlay-opacity":"","overlay-gradient":""}},"footnotes":""},"class_list":["post-302","page","type-page","status-publish","hentry"],"_links":{"self":[{"href":"https:\/\/kyliandantan.com\/index.php\/wp-json\/wp\/v2\/pages\/302","targetHints":{"allow":["GET"]}}],"collection":[{"href":"https:\/\/kyliandantan.com\/index.php\/wp-json\/wp\/v2\/pages"}],"about":[{"href":"https:\/\/kyliandantan.com\/index.php\/wp-json\/wp\/v2\/types\/page"}],"author":[{"embeddable":true,"href":"https:\/\/kyliandantan.com\/index.php\/wp-json\/wp\/v2\/users\/1"}],"replies":[{"embeddable":true,"href":"https:\/\/kyliandantan.com\/index.php\/wp-json\/wp\/v2\/comments?post=302"}],"version-history":[{"count":7,"href":"https:\/\/kyliandantan.com\/index.php\/wp-json\/wp\/v2\/pages\/302\/revisions"}],"predecessor-version":[{"id":445,"href":"https:\/\/kyliandantan.com\/index.php\/wp-json\/wp\/v2\/pages\/302\/revisions\/445"}],"wp:attachment":[{"href":"https:\/\/kyliandantan.com\/index.php\/wp-json\/wp\/v2\/media?parent=302"}],"curies":[{"name":"wp","href":"https:\/\/api.w.org\/{rel}","templated":true}]}}